{"id":2187,"date":"2025-05-23T10:26:56","date_gmt":"2025-05-23T09:26:56","guid":{"rendered":"https:\/\/spirola.ch\/SPIROLA_2019\/?page_id=2187"},"modified":"2025-05-23T10:39:42","modified_gmt":"2025-05-23T09:39:42","slug":"interimsarbeit-personalleasing","status":"publish","type":"page","link":"https:\/\/spirola.ch\/SPIROLA_2019\/interimsarbeit-personalleasing\/","title":{"rendered":"Interimsarbeit \/ Personalleasing"},"content":{"rendered":"\t\t<div data-elementor-type=\"wp-page\" data-elementor-id=\"2187\" class=\"elementor elementor-2187\" data-elementor-post-type=\"page\">\n\t\t\t\t\t\t<section class=\"elementor-section elementor-top-section elementor-element elementor-element-58783ba header_background elementor-section-boxed elementor-section-height-default elementor-section-height-default\" data-id=\"58783ba\" data-element_type=\"section\" data-e-type=\"section\" data-settings=\"{&quot;background_background&quot;:&quot;classic&quot;}\">\n\t\t\t\t\t\t<div class=\"elementor-container elementor-column-gap-default\">\n\t\t\t\t\t<div class=\"elementor-column elementor-col-100 elementor-top-column elementor-element elementor-element-e79f45e\" data-id=\"e79f45e\" data-element_type=\"column\" data-e-type=\"column\">\n\t\t\t<div class=\"elementor-widget-wrap elementor-element-populated\">\n\t\t\t\t\t\t<div class=\"elementor-element elementor-element-86647be header_height elementor-widget elementor-widget-spacer\" data-id=\"86647be\" data-element_type=\"widget\" data-e-type=\"widget\" data-widget_type=\"spacer.default\">\n\t\t\t\t<div class=\"elementor-widget-container\">\n\t\t\t\t\t\t\t<div class=\"elementor-spacer\">\n\t\t\t<div class=\"elementor-spacer-inner\"><\/div>\n\t\t<\/div>\n\t\t\t\t\t\t<\/div>\n\t\t\t\t<\/div>\n\t\t\t\t\t<\/div>\n\t\t<\/div>\n\t\t\t\t\t<\/div>\n\t\t<\/section>\n\t\t\t\t<section class=\"elementor-section elementor-top-section elementor-element elementor-element-2ebb4e9 elementor-section-boxed elementor-section-height-default elementor-section-height-default\" data-id=\"2ebb4e9\" data-element_type=\"section\" data-e-type=\"section\">\n\t\t\t\t\t\t<div class=\"elementor-container elementor-column-gap-default\">\n\t\t\t\t\t<div class=\"elementor-column elementor-col-100 elementor-top-column elementor-element elementor-element-6369eca\" data-id=\"6369eca\" data-element_type=\"column\" data-e-type=\"column\">\n\t\t\t<div class=\"elementor-widget-wrap elementor-element-populated\">\n\t\t\t\t\t\t<div class=\"elementor-element elementor-element-8d9d043 elementor-widget elementor-widget-heading\" data-id=\"8d9d043\" data-element_type=\"widget\" data-e-type=\"widget\" data-widget_type=\"heading.default\">\n\t\t\t\t<div class=\"elementor-widget-container\">\n\t\t\t\t\t<h1 class=\"elementor-heading-title elementor-size-default\">Interimsarbeit \/ Personalleasing<\/h1>\t\t\t\t<\/div>\n\t\t\t\t<\/div>\n\t\t\t\t<div class=\"elementor-element elementor-element-a50ec77 elementor-widget elementor-widget-text-editor\" data-id=\"a50ec77\" data-element_type=\"widget\" data-e-type=\"widget\" data-widget_type=\"text-editor.default\">\n\t\t\t\t<div class=\"elementor-widget-container\">\n\t\t\t\t\t\t\t\t\t<p><strong>Projektbezogene Mitarbeit \u2013 Flexible Unterst\u00fctzung f\u00fcr Ihr Unternehmen. Auch direkt bei Ihnen vor Ort.<\/strong><\/p>\t\t\t\t\t\t\t\t<\/div>\n\t\t\t\t<\/div>\n\t\t\t\t<div class=\"elementor-element elementor-element-cccda0d elementor-widget elementor-widget-text-editor\" data-id=\"cccda0d\" data-element_type=\"widget\" data-e-type=\"widget\" data-widget_type=\"text-editor.default\">\n\t\t\t\t<div class=\"elementor-widget-container\">\n\t\t\t\t\t\t\t\t\t<p>Sie ben\u00f6tigen kurzfristige Verst\u00e4rkung f\u00fcr Ihr Team? Unser Interim-Team bietet Ihnen flexible und kompetente Unterst\u00fctzung genau dann, wenn Sie sie brauchen. Ob zur \u00dcberbr\u00fcckung personeller Engp\u00e4sse, f\u00fcr spezielle Projekte oder zur Optimierung von Prozessen \u2013 unsere erfahrenen Fachkr\u00e4fte integrieren sich schnell in Ihr Unternehmen und sorgen f\u00fcr nachhaltige L\u00f6sungen.<\/p>\t\t\t\t\t\t\t\t<\/div>\n\t\t\t\t<\/div>\n\t\t\t\t\t<\/div>\n\t\t<\/div>\n\t\t\t\t\t<\/div>\n\t\t<\/section>\n\t\t\t\t<section class=\"elementor-section elementor-top-section elementor-element elementor-element-cfcc3d9 elementor-section-boxed elementor-section-height-default elementor-section-height-default\" data-id=\"cfcc3d9\" data-element_type=\"section\" data-e-type=\"section\" data-settings=\"{&quot;background_background&quot;:&quot;classic&quot;}\">\n\t\t\t\t\t\t<div class=\"elementor-container elementor-column-gap-wider\">\n\t\t\t\t\t<div class=\"elementor-column elementor-col-50 elementor-top-column elementor-element elementor-element-cbb88e8\" data-id=\"cbb88e8\" data-element_type=\"column\" data-e-type=\"column\">\n\t\t\t<div class=\"elementor-widget-wrap elementor-element-populated\">\n\t\t\t\t\t\t<div class=\"elementor-element elementor-element-d879bb4 elementor-invisible elementor-widget elementor-widget-image\" data-id=\"d879bb4\" data-element_type=\"widget\" data-e-type=\"widget\" data-settings=\"{&quot;_animation&quot;:&quot;fadeInLeft&quot;}\" data-widget_type=\"image.default\">\n\t\t\t\t<div class=\"elementor-widget-container\">\n\t\t\t\t\t\t\t\t\t\t\t\t\t\t\t<img fetchpriority=\"high\" decoding=\"async\" width=\"800\" height=\"533\" src=\"https:\/\/spirola.ch\/SPIROLA_2019\/wp-content\/uploads\/2025\/05\/interimsarbeit.webp\" class=\"attachment-large size-large wp-image-2190\" alt=\"\" srcset=\"https:\/\/spirola.ch\/SPIROLA_2019\/wp-content\/uploads\/2025\/05\/interimsarbeit.webp 800w, https:\/\/spirola.ch\/SPIROLA_2019\/wp-content\/uploads\/2025\/05\/interimsarbeit-300x200.webp 300w, https:\/\/spirola.ch\/SPIROLA_2019\/wp-content\/uploads\/2025\/05\/interimsarbeit-768x512.webp 768w\" sizes=\"(max-width: 800px) 100vw, 800px\" \/>\t\t\t\t\t\t\t\t\t\t\t\t\t\t\t<\/div>\n\t\t\t\t<\/div>\n\t\t\t\t\t<\/div>\n\t\t<\/div>\n\t\t\t\t<div class=\"elementor-column elementor-col-50 elementor-top-column elementor-element elementor-element-472cb69 elementor-invisible\" data-id=\"472cb69\" data-element_type=\"column\" data-e-type=\"column\" data-settings=\"{&quot;animation&quot;:&quot;fadeInRight&quot;}\">\n\t\t\t<div class=\"elementor-widget-wrap elementor-element-populated\">\n\t\t\t\t\t\t<div class=\"elementor-element elementor-element-4ba0aef elementor-widget elementor-widget-spacer\" data-id=\"4ba0aef\" data-element_type=\"widget\" data-e-type=\"widget\" data-widget_type=\"spacer.default\">\n\t\t\t\t<div class=\"elementor-widget-container\">\n\t\t\t\t\t\t\t<div class=\"elementor-spacer\">\n\t\t\t<div class=\"elementor-spacer-inner\"><\/div>\n\t\t<\/div>\n\t\t\t\t\t\t<\/div>\n\t\t\t\t<\/div>\n\t\t\t\t<div class=\"elementor-element elementor-element-9408fae elementor-widget elementor-widget-heading\" data-id=\"9408fae\" data-element_type=\"widget\" data-e-type=\"widget\" data-widget_type=\"heading.default\">\n\t\t\t\t<div class=\"elementor-widget-container\">\n\t\t\t\t\t<h3 class=\"elementor-heading-title elementor-size-default\">Ihre Vorteile mit unserer Interimsarbeit<\/h3>\t\t\t\t<\/div>\n\t\t\t\t<\/div>\n\t\t\t\t<div class=\"elementor-element elementor-element-8ca487c elementor-widget elementor-widget-text-editor\" data-id=\"8ca487c\" data-element_type=\"widget\" data-e-type=\"widget\" data-widget_type=\"text-editor.default\">\n\t\t\t\t<div class=\"elementor-widget-container\">\n\t\t\t\t\t\t\t\t\t<ul><li>Vor-Ort-Unterst\u00fctzung f\u00fcr eine direkte Zusammenarbeit<\/li><li>kurze und effiziente Kommunikationswege<\/li><li>Erfahrene Experten f\u00fcr spezifische Fachbereiche<\/li><li>Schnelle Integration in bestehende Teams und Prozesse<\/li><li>Flexible Eins\u00e4tze \u2013 projektbezogen oder tempor\u00e4r<\/li><li>Effiziente und nachhaltige L\u00f6sungen f\u00fcr Ihr Unternehmen<\/li><\/ul>\t\t\t\t\t\t\t\t<\/div>\n\t\t\t\t<\/div>\n\t\t\t\t<div class=\"elementor-element elementor-element-acb985b elementor-widget elementor-widget-text-editor\" data-id=\"acb985b\" data-element_type=\"widget\" data-e-type=\"widget\" data-widget_type=\"text-editor.default\">\n\t\t\t\t<div class=\"elementor-widget-container\">\n\t\t\t\t\t\t\t\t\t<p>Unser Ziel ist es, Sie genau dort zu unterst\u00fctzen, wo Sie uns brauchen.<\/p><p>Lassen Sie uns gemeinsam besprechen, wie unser Interim-Team Ihnen helfen kann!<\/p>\t\t\t\t\t\t\t\t<\/div>\n\t\t\t\t<\/div>\n\t\t\t\t<div class=\"elementor-element elementor-element-b80adf5 elementor-widget elementor-widget-text-editor\" data-id=\"b80adf5\" data-element_type=\"widget\" data-e-type=\"widget\" data-widget_type=\"text-editor.default\">\n\t\t\t\t<div class=\"elementor-widget-container\">\n\t\t\t\t\t\t\t\t\t<p><a href=\"https:\/\/spirola.ch\/SPIROLA_2019\/spirola\/kontakt\/\">Kontaktieren Sie uns noch heute!<\/a><\/p>\t\t\t\t\t\t\t\t<\/div>\n\t\t\t\t<\/div>\n\t\t\t\t\t<\/div>\n\t\t<\/div>\n\t\t\t\t\t<\/div>\n\t\t<\/section>\n\t\t\t\t<\/div>\n\t\t","protected":false},"excerpt":{"rendered":"<p>Interimsarbeit \/ Personalleasing Projektbezogene Mitarbeit \u2013 Flexible Unterst\u00fctzung f\u00fcr Ihr Unternehmen. Auch direkt bei Ihnen vor Ort. Sie ben\u00f6tigen kurzfristige Verst\u00e4rkung f\u00fcr Ihr Team? Unser Interim-Team bietet Ihnen flexible und kompetente Unterst\u00fctzung genau dann, wenn Sie sie brauchen. Ob zur \u00dcberbr\u00fcckung personeller Engp\u00e4sse, f\u00fcr spezielle Projekte oder zur Optimierung von Prozessen \u2013 unsere erfahrenen Fachkr\u00e4fte [&hellip;]<\/p>\n","protected":false},"author":3,"featured_media":0,"parent":0,"menu_order":0,"comment_status":"closed","ping_status":"closed","template":"","meta":{"footnotes":""},"class_list":["post-2187","page","type-page","status-publish","hentry"],"blocksy_meta":[],"aioseo_notices":[],"_links":{"self":[{"href":"https:\/\/spirola.ch\/SPIROLA_2019\/wp-json\/wp\/v2\/pages\/2187","targetHints":{"allow":["GET"]}}],"collection":[{"href":"https:\/\/spirola.ch\/SPIROLA_2019\/wp-json\/wp\/v2\/pages"}],"about":[{"href":"https:\/\/spirola.ch\/SPIROLA_2019\/wp-json\/wp\/v2\/types\/page"}],"author":[{"embeddable":true,"href":"https:\/\/spirola.ch\/SPIROLA_2019\/wp-json\/wp\/v2\/users\/3"}],"replies":[{"embeddable":true,"href":"https:\/\/spirola.ch\/SPIROLA_2019\/wp-json\/wp\/v2\/comments?post=2187"}],"version-history":[{"count":0,"href":"https:\/\/spirola.ch\/SPIROLA_2019\/wp-json\/wp\/v2\/pages\/2187\/revisions"}],"wp:attachment":[{"href":"https:\/\/spirola.ch\/SPIROLA_2019\/wp-json\/wp\/v2\/media?parent=2187"}],"curies":[{"name":"wp","href":"https:\/\/api.w.org\/{rel}","templated":true}]}}