{"id":286,"date":"2019-06-26T18:34:20","date_gmt":"2019-06-26T18:34:20","guid":{"rendered":"https:\/\/spirola.ch\/SPIROLA_2019\/?page_id=286"},"modified":"2025-06-17T09:20:25","modified_gmt":"2025-06-17T08:20:25","slug":"teststand","status":"publish","type":"page","link":"https:\/\/spirola.ch\/SPIROLA_2019\/dienstleistung\/teststand\/","title":{"rendered":"Pr\u00fcfger\u00e4t und Teststand"},"content":{"rendered":"\t\t<div data-elementor-type=\"wp-page\" data-elementor-id=\"286\" class=\"elementor elementor-286\" data-elementor-post-type=\"page\">\n\t\t\t\t\t\t<section class=\"elementor-section elementor-top-section elementor-element elementor-element-508f16d8 header_background elementor-section-boxed elementor-section-height-default elementor-section-height-default\" data-id=\"508f16d8\" data-element_type=\"section\" data-e-type=\"section\" data-settings=\"{&quot;background_background&quot;:&quot;classic&quot;}\">\n\t\t\t\t\t\t<div class=\"elementor-container elementor-column-gap-default\">\n\t\t\t\t\t<div class=\"elementor-column elementor-col-100 elementor-top-column elementor-element elementor-element-71d54f7b\" data-id=\"71d54f7b\" data-element_type=\"column\" data-e-type=\"column\">\n\t\t\t<div class=\"elementor-widget-wrap elementor-element-populated\">\n\t\t\t\t\t\t<div class=\"elementor-element elementor-element-7e3f5eea header_height elementor-widget elementor-widget-spacer\" data-id=\"7e3f5eea\" data-element_type=\"widget\" data-e-type=\"widget\" data-widget_type=\"spacer.default\">\n\t\t\t\t<div class=\"elementor-widget-container\">\n\t\t\t\t\t\t\t<div class=\"elementor-spacer\">\n\t\t\t<div class=\"elementor-spacer-inner\"><\/div>\n\t\t<\/div>\n\t\t\t\t\t\t<\/div>\n\t\t\t\t<\/div>\n\t\t\t\t\t<\/div>\n\t\t<\/div>\n\t\t\t\t\t<\/div>\n\t\t<\/section>\n\t\t\t\t<section class=\"elementor-section elementor-top-section elementor-element elementor-element-53b07f78 elementor-section-boxed elementor-section-height-default elementor-section-height-default\" data-id=\"53b07f78\" data-element_type=\"section\" data-e-type=\"section\">\n\t\t\t\t\t\t<div class=\"elementor-container elementor-column-gap-default\">\n\t\t\t\t\t<div class=\"elementor-column elementor-col-100 elementor-top-column elementor-element elementor-element-7717ae39\" data-id=\"7717ae39\" data-element_type=\"column\" data-e-type=\"column\">\n\t\t\t<div class=\"elementor-widget-wrap elementor-element-populated\">\n\t\t\t\t\t\t<div class=\"elementor-element elementor-element-51f07606 elementor-widget elementor-widget-heading\" data-id=\"51f07606\" data-element_type=\"widget\" data-e-type=\"widget\" data-widget_type=\"heading.default\">\n\t\t\t\t<div class=\"elementor-widget-container\">\n\t\t\t\t\t<h1 class=\"elementor-heading-title elementor-size-default\">Pr\u00fcfger\u00e4t und Teststand<\/h1>\t\t\t\t<\/div>\n\t\t\t\t<\/div>\n\t\t\t\t\t<\/div>\n\t\t<\/div>\n\t\t\t\t\t<\/div>\n\t\t<\/section>\n\t\t\t\t<section class=\"elementor-section elementor-top-section elementor-element elementor-element-eae33b4 elementor-section-boxed elementor-section-height-default elementor-section-height-default\" data-id=\"eae33b4\" data-element_type=\"section\" data-e-type=\"section\">\n\t\t\t\t\t\t<div class=\"elementor-container elementor-column-gap-default\">\n\t\t\t\t\t<div class=\"elementor-column elementor-col-100 elementor-top-column elementor-element elementor-element-562e8ce\" data-id=\"562e8ce\" data-element_type=\"column\" data-e-type=\"column\">\n\t\t\t<div class=\"elementor-widget-wrap elementor-element-populated\">\n\t\t\t\t\t\t<div class=\"elementor-element elementor-element-8543223 elementor-widget elementor-widget-text-editor\" data-id=\"8543223\" data-element_type=\"widget\" data-e-type=\"widget\" data-widget_type=\"text-editor.default\">\n\t\t\t\t<div class=\"elementor-widget-container\">\n\t\t\t\t\t\t\t\t\t<p style=\"text-align: center;\">Wir entwickeln Pr\u00fcfger\u00e4te und Testst\u00e4nde. Von der Idee bis zum Endprodukt.\u00a0<\/p>\t\t\t\t\t\t\t\t<\/div>\n\t\t\t\t<\/div>\n\t\t\t\t\t<\/div>\n\t\t<\/div>\n\t\t\t\t\t<\/div>\n\t\t<\/section>\n\t\t\t\t<section class=\"elementor-section elementor-top-section elementor-element elementor-element-d493e39 elementor-section-boxed elementor-section-height-default elementor-section-height-default\" data-id=\"d493e39\" data-element_type=\"section\" data-e-type=\"section\">\n\t\t\t\t\t\t<div class=\"elementor-container elementor-column-gap-default\">\n\t\t\t\t\t<div class=\"elementor-column elementor-col-100 elementor-top-column elementor-element elementor-element-bb17590\" data-id=\"bb17590\" data-element_type=\"column\" data-e-type=\"column\">\n\t\t\t<div class=\"elementor-widget-wrap elementor-element-populated\">\n\t\t\t\t\t\t<div class=\"elementor-element elementor-element-e096f51 elementor-widget elementor-widget-spacer\" data-id=\"e096f51\" data-element_type=\"widget\" data-e-type=\"widget\" data-widget_type=\"spacer.default\">\n\t\t\t\t<div class=\"elementor-widget-container\">\n\t\t\t\t\t\t\t<div class=\"elementor-spacer\">\n\t\t\t<div class=\"elementor-spacer-inner\"><\/div>\n\t\t<\/div>\n\t\t\t\t\t\t<\/div>\n\t\t\t\t<\/div>\n\t\t\t\t\t<\/div>\n\t\t<\/div>\n\t\t\t\t\t<\/div>\n\t\t<\/section>\n\t\t\t\t<section class=\"elementor-section elementor-top-section elementor-element elementor-element-41a3dfb6 elementor-section-full_width elementor-section-content-top elementor-section-height-default elementor-section-height-default\" data-id=\"41a3dfb6\" data-element_type=\"section\" data-e-type=\"section\" data-settings=\"{&quot;background_background&quot;:&quot;classic&quot;}\">\n\t\t\t\t\t\t<div class=\"elementor-container elementor-column-gap-no\">\n\t\t\t\t\t<div class=\"elementor-column elementor-col-50 elementor-top-column elementor-element elementor-element-5c61607f elementor-invisible\" data-id=\"5c61607f\" data-element_type=\"column\" data-e-type=\"column\" data-settings=\"{&quot;animation&quot;:&quot;fadeInLeft&quot;}\">\n\t\t\t<div class=\"elementor-widget-wrap elementor-element-populated\">\n\t\t\t\t\t\t<div class=\"elementor-element elementor-element-7c4e6837 header-no-margin elementor-widget elementor-widget-heading\" data-id=\"7c4e6837\" data-element_type=\"widget\" data-e-type=\"widget\" data-widget_type=\"heading.default\">\n\t\t\t\t<div class=\"elementor-widget-container\">\n\t\t\t\t\t<h2 class=\"elementor-heading-title elementor-size-default\">PROJEKTBEISPIEL<\/h2>\t\t\t\t<\/div>\n\t\t\t\t<\/div>\n\t\t\t\t<div class=\"elementor-element elementor-element-d0c690e elementor-widget elementor-widget-heading\" data-id=\"d0c690e\" data-element_type=\"widget\" data-e-type=\"widget\" data-widget_type=\"heading.default\">\n\t\t\t\t<div class=\"elementor-widget-container\">\n\t\t\t\t\t<h3 class=\"elementor-heading-title elementor-size-default\">Pr\u00fcfger\u00e4t<\/h3>\t\t\t\t<\/div>\n\t\t\t\t<\/div>\n\t\t\t\t<div class=\"elementor-element elementor-element-3907b2f2 elementor-widget elementor-widget-text-editor\" data-id=\"3907b2f2\" data-element_type=\"widget\" data-e-type=\"widget\" data-widget_type=\"text-editor.default\">\n\t\t\t\t<div class=\"elementor-widget-container\">\n\t\t\t\t\t\t\t\t\t<div class=\"elementor-element elementor-element-a75f1a1 elementor-widget elementor-widget-text-editor\" data-id=\"a75f1a1\" data-element_type=\"widget\" data-widget_type=\"text-editor.default\">\n<div class=\"elementor-widget-container\">\n<div class=\"elementor-text-editor elementor-clearfix\">\n<div class=\"elementor-element elementor-element-a83c025 elementor-widget elementor-widget-text-editor\" data-id=\"a83c025\" data-element_type=\"widget\" data-widget_type=\"text-editor.default\">\n<div class=\"elementor-widget-container\">\n<div class=\"elementor-text-editor elementor-clearfix\">\n<p><strong><span class=\"xr_s16\"><span class=\"xr_tl\"><span class=\"xr_s17\">Aufgabenstellung<\/span><\/span><\/span><\/strong><\/p>\n<p><span class=\"xr_s16\"><span class=\"xr_tl\">Am Ende des Herstellprozesses einer elektronischen Leiterplatte, soll diese <\/span><span class=\"xr_tl\">vollst\u00e4ndig auf ihre Funktion hin \u00fcberpr\u00fcft werden. Die Leiterplatte soll <\/span><span class=\"xr_tl\">automatisiert getestet und der Prozessor mit seiner entsprechenden Firmware <\/span><span class=\"xr_tl\">programmiert werden. Dabei werden die Ergebnisse der einzelnen Testschritte <\/span><span class=\"xr_tl\">angezeigt und in einer zentralen Datenbank abgelegt.<\/span><\/span><\/p>\n<p><strong><span class=\"xr_s16\"><span class=\"xr_tl\"><span class=\"xr_s17\">Realisierung<\/span><\/span><\/span><\/strong><\/p>\n<p><span class=\"xr_s16\"><span class=\"xr_tl\">Die zu pr\u00fcfende Leiterplatte kann in eine Vorrichtung (Testadapter) eingelegt <\/span><span class=\"xr_tl\">werden, wo Pr\u00fcfnadeln gewisse Testpunkte der Leiterplatte kontaktieren. \u00dcber <\/span><span class=\"xr_tl\">diese Pr\u00fcfnadeln wird der Print mit Strom versorgt und Spannungs-, Strom-, und <\/span><span class=\"xr_tl\">Frequenzmessungen durchgef\u00fchrt. W\u00e4hrend dem Testdurchlauf wird <\/span><span class=\"xr_tl\">automatisch eine Testfirmware auf den Mikrocontroller des Prints geladen, <\/span><span class=\"xr_tl\">welcher s\u00e4mtliche elektronischen Komponenten auf der Leiterplatte auf ihre <\/span><span class=\"xr_tl\">Funktion hin pr\u00fcft. Liegen alle Testergebnisse innerhalb der zul\u00e4ssigen <\/span><span class=\"xr_tl\">Toleranz, hat die Leiterplatte den Test bestanden und wird automatisch als \u201agut\u2018 <\/span><span class=\"xr_tl xr_s22\">markiert.<\/span><span class=\"xr_tl\">Weitere Leiterplatten Typen k\u00f6nnen mit der gleichen Test-Hardware getestet <\/span><span class=\"xr_tl\">werden. Daf\u00fcr muss lediglich ein anderer Wechseladapter verwendet werden.<\/span><\/span><\/p>\n<p><strong><span class=\"xr_s16\"><span class=\"xr_tl\"><span class=\"xr_s17\">Aufgaben\/Umfang<\/span><\/span><span class=\"xr_tl xr_s18\"><span class=\"xr_s19\">&nbsp;<\/span><\/span><\/span><\/strong><\/p>\n<p><span class=\"xr_s16\"><span class=\"xr_tl xr_s22\"><span class=\"xr_s21\">\u2022<\/span><\/span><span class=\"xr_tl xr_s22\">Konzept und Planung des Testadapters<\/span><\/span><\/p>\n<p><span class=\"xr_s16\"><span class=\"xr_tl xr_s22\"><span class=\"xr_s21\">\u2022<\/span><\/span><span class=\"xr_tl xr_s22\">Erstellung und Konfiguration der einzelnen Testsequenzen in Teststand<br><\/span><\/span><\/p>\n<p><span class=\"xr_s16\"><span class=\"xr_tl xr_s22\"><span class=\"xr_s21\">\u2022<\/span><\/span><span class=\"xr_tl xr_s22\">Test VI\u2019s anpassen \/ neu erstellen<\/span><\/span><\/p>\n<p><span class=\"xr_s16\"><span class=\"xr_tl\"><span class=\"xr_s21\">\u2022<\/span><\/span><span class=\"xr_tl\">Anpassung der Toleranzen<\/span><\/span><\/p>\n<p><strong><span class=\"xr_s16\"><span class=\"xr_tl\"><span class=\"xr_s17\">Eingesetzte Technologien\/Tools<\/span><\/span><span class=\"xr_tl xr_s18\"><span class=\"xr_s19\">&nbsp;<\/span><\/span><\/span><\/strong><\/p>\n<p><span class=\"xr_s16\"><span class=\"xr_tl xr_s22\"><span class=\"xr_s21\">\u2022<\/span><\/span><span class=\"xr_tl xr_s22\">LabVIEW<\/span><\/span><\/p>\n<p><span class=\"xr_s16\"><span class=\"xr_tl\"><span class=\"xr_s21\">\u2022<\/span><\/span><span class=\"xr_tl\">Teststand<br><\/span><\/span><\/p>\n<p><span class=\"xr_s16\"><span class=\"xr_tl xr_s22\"><span class=\"xr_s21\">\u2022<\/span><\/span><span class=\"xr_tl xr_s22\">PXI System von National Instruments<\/span><\/span><\/p>\n<p><span class=\"xr_s16\"><span class=\"xr_tl\"><span class=\"xr_s21\">\u2022<\/span><\/span><span class=\"xr_tl\">GPIB\/IEEE488.2 Ger\u00e4teanbindung<\/span><\/span><\/p>\n<\/div>\n<\/div>\n<\/div>\n<\/div>\n<\/div>\n<\/div>\t\t\t\t\t\t\t\t<\/div>\n\t\t\t\t<\/div>\n\t\t\t\t<div class=\"elementor-element elementor-element-83c84cf elementor-widget elementor-widget-spacer\" data-id=\"83c84cf\" data-element_type=\"widget\" data-e-type=\"widget\" data-widget_type=\"spacer.default\">\n\t\t\t\t<div class=\"elementor-widget-container\">\n\t\t\t\t\t\t\t<div class=\"elementor-spacer\">\n\t\t\t<div class=\"elementor-spacer-inner\"><\/div>\n\t\t<\/div>\n\t\t\t\t\t\t<\/div>\n\t\t\t\t<\/div>\n\t\t\t\t\t<\/div>\n\t\t<\/div>\n\t\t\t\t<div class=\"elementor-column elementor-col-50 elementor-top-column elementor-element elementor-element-d2ab21a\" data-id=\"d2ab21a\" data-element_type=\"column\" data-e-type=\"column\">\n\t\t\t<div class=\"elementor-widget-wrap elementor-element-populated\">\n\t\t\t\t\t\t<div class=\"elementor-element elementor-element-347f060 elementor-arrows-position-inside elementor-pagination-position-outside elementor-widget elementor-widget-image-carousel\" data-id=\"347f060\" data-element_type=\"widget\" data-e-type=\"widget\" data-settings=\"{&quot;slides_to_show&quot;:&quot;1&quot;,&quot;navigation&quot;:&quot;both&quot;,&quot;autoplay&quot;:&quot;yes&quot;,&quot;pause_on_hover&quot;:&quot;yes&quot;,&quot;pause_on_interaction&quot;:&quot;yes&quot;,&quot;autoplay_speed&quot;:5000,&quot;infinite&quot;:&quot;yes&quot;,&quot;effect&quot;:&quot;slide&quot;,&quot;speed&quot;:500}\" data-widget_type=\"image-carousel.default\">\n\t\t\t\t<div class=\"elementor-widget-container\">\n\t\t\t\t\t\t\t<div class=\"elementor-image-carousel-wrapper swiper\" role=\"region\" aria-roledescription=\"carousel\" aria-label=\"Pr\u00fcfger\u00e4te-Karussell\" dir=\"ltr\">\n\t\t\t<div class=\"elementor-image-carousel swiper-wrapper swiper-image-stretch\" aria-live=\"off\">\n\t\t\t\t\t\t\t\t<div class=\"swiper-slide\" role=\"group\" aria-roledescription=\"slide\" aria-label=\"1 von 3\"><figure class=\"swiper-slide-inner\"><img decoding=\"async\" class=\"swiper-slide-image\" src=\"https:\/\/spirola.ch\/SPIROLA_2019\/wp-content\/uploads\/2025\/06\/pruefgeraete-und-teststand-4.webp\" alt=\"pruefgeraete-und-teststand-4\" \/><\/figure><\/div><div class=\"swiper-slide\" role=\"group\" aria-roledescription=\"slide\" aria-label=\"2 von 3\"><figure class=\"swiper-slide-inner\"><img decoding=\"async\" class=\"swiper-slide-image\" src=\"https:\/\/spirola.ch\/SPIROLA_2019\/wp-content\/uploads\/2025\/06\/pruefgeraete-und-teststand-1.webp\" alt=\"pruefgeraete-und-teststand-1\" \/><\/figure><\/div><div class=\"swiper-slide\" role=\"group\" aria-roledescription=\"slide\" aria-label=\"3 von 3\"><figure class=\"swiper-slide-inner\"><img decoding=\"async\" class=\"swiper-slide-image\" src=\"https:\/\/spirola.ch\/SPIROLA_2019\/wp-content\/uploads\/2025\/06\/pruefgeraete-und-teststand-2.webp\" alt=\"pruefgeraete-und-teststand-2\" \/><\/figure><\/div>\t\t\t<\/div>\n\t\t\t\t\t\t\t\t\t\t\t\t<div class=\"elementor-swiper-button elementor-swiper-button-prev\" role=\"button\" tabindex=\"0\">\n\t\t\t\t\t\t<i aria-hidden=\"true\" class=\"eicon-chevron-left\"><\/i>\t\t\t\t\t<\/div>\n\t\t\t\t\t<div class=\"elementor-swiper-button elementor-swiper-button-next\" role=\"button\" tabindex=\"0\">\n\t\t\t\t\t\t<i aria-hidden=\"true\" class=\"eicon-chevron-right\"><\/i>\t\t\t\t\t<\/div>\n\t\t\t\t\n\t\t\t\t\t\t\t\t\t<div class=\"swiper-pagination\"><\/div>\n\t\t\t\t\t\t\t\t\t<\/div>\n\t\t\t\t\t\t<\/div>\n\t\t\t\t<\/div>\n\t\t\t\t\t<\/div>\n\t\t<\/div>\n\t\t\t\t\t<\/div>\n\t\t<\/section>\n\t\t\t\t<\/div>\n\t\t","protected":false},"excerpt":{"rendered":"<p>Pr\u00fcfger\u00e4t und Teststand Wir entwickeln Pr\u00fcfger\u00e4te und Testst\u00e4nde. Von der Idee bis zum Endprodukt.\u00a0 PROJEKTBEISPIEL Pr\u00fcfger\u00e4t Aufgabenstellung Am Ende des Herstellprozesses einer elektronischen Leiterplatte, soll diese vollst\u00e4ndig auf ihre Funktion hin \u00fcberpr\u00fcft werden. Die Leiterplatte soll automatisiert getestet und der Prozessor mit seiner entsprechenden Firmware programmiert werden. Dabei werden die Ergebnisse der einzelnen Testschritte angezeigt [&hellip;]<\/p>\n","protected":false},"author":1,"featured_media":0,"parent":95,"menu_order":3,"comment_status":"closed","ping_status":"closed","template":"","meta":{"footnotes":""},"class_list":["post-286","page","type-page","status-publish","hentry"],"blocksy_meta":[],"aioseo_notices":[],"_links":{"self":[{"href":"https:\/\/spirola.ch\/SPIROLA_2019\/wp-json\/wp\/v2\/pages\/286","targetHints":{"allow":["GET"]}}],"collection":[{"href":"https:\/\/spirola.ch\/SPIROLA_2019\/wp-json\/wp\/v2\/pages"}],"about":[{"href":"https:\/\/spirola.ch\/SPIROLA_2019\/wp-json\/wp\/v2\/types\/page"}],"author":[{"embeddable":true,"href":"https:\/\/spirola.ch\/SPIROLA_2019\/wp-json\/wp\/v2\/users\/1"}],"replies":[{"embeddable":true,"href":"https:\/\/spirola.ch\/SPIROLA_2019\/wp-json\/wp\/v2\/comments?post=286"}],"version-history":[{"count":0,"href":"https:\/\/spirola.ch\/SPIROLA_2019\/wp-json\/wp\/v2\/pages\/286\/revisions"}],"up":[{"embeddable":true,"href":"https:\/\/spirola.ch\/SPIROLA_2019\/wp-json\/wp\/v2\/pages\/95"}],"wp:attachment":[{"href":"https:\/\/spirola.ch\/SPIROLA_2019\/wp-json\/wp\/v2\/media?parent=286"}],"curies":[{"name":"wp","href":"https:\/\/api.w.org\/{rel}","templated":true}]}}