{"id":289,"date":"2019-06-26T18:35:32","date_gmt":"2019-06-26T18:35:32","guid":{"rendered":"https:\/\/spirola.ch\/SPIROLA_2019\/?page_id=289"},"modified":"2025-06-19T09:19:06","modified_gmt":"2025-06-19T08:19:06","slug":"fertigung","status":"publish","type":"page","link":"https:\/\/spirola.ch\/SPIROLA_2019\/dienstleistung\/fertigung\/","title":{"rendered":"Fertigung"},"content":{"rendered":"\t\t<div data-elementor-type=\"wp-page\" data-elementor-id=\"289\" class=\"elementor elementor-289\" data-elementor-post-type=\"page\">\n\t\t\t\t\t\t<section class=\"elementor-section elementor-top-section elementor-element elementor-element-47032437 header_background elementor-section-boxed elementor-section-height-default elementor-section-height-default\" data-id=\"47032437\" data-element_type=\"section\" data-e-type=\"section\" data-settings=\"{&quot;background_background&quot;:&quot;classic&quot;}\">\n\t\t\t\t\t\t<div class=\"elementor-container elementor-column-gap-default\">\n\t\t\t\t\t<div class=\"elementor-column elementor-col-100 elementor-top-column elementor-element elementor-element-648d2890\" data-id=\"648d2890\" data-element_type=\"column\" data-e-type=\"column\">\n\t\t\t<div class=\"elementor-widget-wrap elementor-element-populated\">\n\t\t\t\t\t\t<div class=\"elementor-element elementor-element-3ca4cdfe header_height elementor-widget elementor-widget-spacer\" data-id=\"3ca4cdfe\" data-element_type=\"widget\" data-e-type=\"widget\" data-widget_type=\"spacer.default\">\n\t\t\t\t<div class=\"elementor-widget-container\">\n\t\t\t\t\t\t\t<div class=\"elementor-spacer\">\n\t\t\t<div class=\"elementor-spacer-inner\"><\/div>\n\t\t<\/div>\n\t\t\t\t\t\t<\/div>\n\t\t\t\t<\/div>\n\t\t\t\t\t<\/div>\n\t\t<\/div>\n\t\t\t\t\t<\/div>\n\t\t<\/section>\n\t\t\t\t<section class=\"elementor-section elementor-top-section elementor-element elementor-element-2a5a87d1 elementor-section-boxed elementor-section-height-default elementor-section-height-default\" data-id=\"2a5a87d1\" data-element_type=\"section\" data-e-type=\"section\">\n\t\t\t\t\t\t<div class=\"elementor-container elementor-column-gap-default\">\n\t\t\t\t\t<div class=\"elementor-column elementor-col-100 elementor-top-column elementor-element elementor-element-7c51c2de\" data-id=\"7c51c2de\" data-element_type=\"column\" data-e-type=\"column\">\n\t\t\t<div class=\"elementor-widget-wrap elementor-element-populated\">\n\t\t\t\t\t\t<div class=\"elementor-element elementor-element-504b52c0 elementor-widget elementor-widget-heading\" data-id=\"504b52c0\" data-element_type=\"widget\" data-e-type=\"widget\" data-widget_type=\"heading.default\">\n\t\t\t\t<div class=\"elementor-widget-container\">\n\t\t\t\t\t<h1 class=\"elementor-heading-title elementor-size-default\">Fertigung und Montage<\/h1>\t\t\t\t<\/div>\n\t\t\t\t<\/div>\n\t\t\t\t\t<\/div>\n\t\t<\/div>\n\t\t\t\t\t<\/div>\n\t\t<\/section>\n\t\t\t\t<section class=\"elementor-section elementor-top-section elementor-element elementor-element-82df124 elementor-section-boxed elementor-section-height-default elementor-section-height-default\" data-id=\"82df124\" data-element_type=\"section\" data-e-type=\"section\">\n\t\t\t\t\t\t<div class=\"elementor-container elementor-column-gap-default\">\n\t\t\t\t\t<div class=\"elementor-column elementor-col-50 elementor-top-column elementor-element elementor-element-4a41158\" data-id=\"4a41158\" data-element_type=\"column\" data-e-type=\"column\">\n\t\t\t<div class=\"elementor-widget-wrap elementor-element-populated\">\n\t\t\t\t\t\t<div class=\"elementor-element elementor-element-9664685 elementor-widget elementor-widget-text-editor\" data-id=\"9664685\" data-element_type=\"widget\" data-e-type=\"widget\" data-widget_type=\"text-editor.default\">\n\t\t\t\t<div class=\"elementor-widget-container\">\n\t\t\t\t\t\t\t\t\t<ul><li>Verdrahtungen von Schaltschr\u00e4nken<\/li><li>Verdrahtungsarbeiten<\/li><li>Leiterplatten best\u00fccken und l\u00f6ten<\/li><li>L\u00f6ten von Kleinserien an der Wellenl\u00f6tmaschine<\/li><li>Ger\u00e4temontagen<\/li><\/ul>\t\t\t\t\t\t\t\t<\/div>\n\t\t\t\t<\/div>\n\t\t\t\t\t<\/div>\n\t\t<\/div>\n\t\t\t\t<div class=\"elementor-column elementor-col-50 elementor-top-column elementor-element elementor-element-689dd95\" data-id=\"689dd95\" data-element_type=\"column\" data-e-type=\"column\">\n\t\t\t<div class=\"elementor-widget-wrap elementor-element-populated\">\n\t\t\t\t\t\t<div class=\"elementor-element elementor-element-f0fbec6 elementor-arrows-position-inside elementor-pagination-position-outside elementor-widget elementor-widget-image-carousel\" data-id=\"f0fbec6\" data-element_type=\"widget\" data-e-type=\"widget\" data-settings=\"{&quot;slides_to_show&quot;:&quot;1&quot;,&quot;navigation&quot;:&quot;both&quot;,&quot;autoplay&quot;:&quot;yes&quot;,&quot;pause_on_hover&quot;:&quot;yes&quot;,&quot;pause_on_interaction&quot;:&quot;yes&quot;,&quot;autoplay_speed&quot;:5000,&quot;infinite&quot;:&quot;yes&quot;,&quot;effect&quot;:&quot;slide&quot;,&quot;speed&quot;:500}\" data-widget_type=\"image-carousel.default\">\n\t\t\t\t<div class=\"elementor-widget-container\">\n\t\t\t\t\t\t\t<div class=\"elementor-image-carousel-wrapper swiper\" role=\"region\" aria-roledescription=\"carousel\" aria-label=\"Bild Karussell\" dir=\"ltr\">\n\t\t\t<div class=\"elementor-image-carousel swiper-wrapper\" aria-live=\"off\">\n\t\t\t\t\t\t\t\t<div class=\"swiper-slide\" role=\"group\" aria-roledescription=\"slide\" aria-label=\"1 von 3\"><figure class=\"swiper-slide-inner\"><img decoding=\"async\" class=\"swiper-slide-image\" src=\"https:\/\/spirola.ch\/SPIROLA_2019\/wp-content\/uploads\/2025\/05\/fertigung-10-768x512.webp\" alt=\"fertigung-10\" \/><\/figure><\/div><div class=\"swiper-slide\" role=\"group\" aria-roledescription=\"slide\" aria-label=\"2 von 3\"><figure class=\"swiper-slide-inner\"><img decoding=\"async\" class=\"swiper-slide-image\" src=\"https:\/\/spirola.ch\/SPIROLA_2019\/wp-content\/uploads\/2025\/05\/fertigung-11-768x432.webp\" alt=\"fertigung-11\" \/><\/figure><\/div><div class=\"swiper-slide\" role=\"group\" aria-roledescription=\"slide\" aria-label=\"3 von 3\"><figure class=\"swiper-slide-inner\"><img decoding=\"async\" class=\"swiper-slide-image\" src=\"https:\/\/spirola.ch\/SPIROLA_2019\/wp-content\/uploads\/2025\/05\/fertigung-12-768x512.webp\" alt=\"fertigung-12\" \/><\/figure><\/div>\t\t\t<\/div>\n\t\t\t\t\t\t\t\t\t\t\t\t<div class=\"elementor-swiper-button elementor-swiper-button-prev\" role=\"button\" tabindex=\"0\">\n\t\t\t\t\t\t<i aria-hidden=\"true\" class=\"eicon-chevron-left\"><\/i>\t\t\t\t\t<\/div>\n\t\t\t\t\t<div class=\"elementor-swiper-button elementor-swiper-button-next\" role=\"button\" tabindex=\"0\">\n\t\t\t\t\t\t<i aria-hidden=\"true\" class=\"eicon-chevron-right\"><\/i>\t\t\t\t\t<\/div>\n\t\t\t\t\n\t\t\t\t\t\t\t\t\t<div class=\"swiper-pagination\"><\/div>\n\t\t\t\t\t\t\t\t\t<\/div>\n\t\t\t\t\t\t<\/div>\n\t\t\t\t<\/div>\n\t\t\t\t\t<\/div>\n\t\t<\/div>\n\t\t\t\t\t<\/div>\n\t\t<\/section>\n\t\t\t\t<section class=\"elementor-section elementor-top-section elementor-element elementor-element-2cf451e elementor-section-boxed elementor-section-height-default elementor-section-height-default\" data-id=\"2cf451e\" data-element_type=\"section\" data-e-type=\"section\">\n\t\t\t\t\t\t<div class=\"elementor-container elementor-column-gap-default\">\n\t\t\t\t\t<div class=\"elementor-column elementor-col-100 elementor-top-column elementor-element elementor-element-945bf4b\" data-id=\"945bf4b\" data-element_type=\"column\" data-e-type=\"column\">\n\t\t\t<div class=\"elementor-widget-wrap elementor-element-populated\">\n\t\t\t\t\t\t<div class=\"elementor-element elementor-element-9f3e97f elementor-widget elementor-widget-spacer\" data-id=\"9f3e97f\" data-element_type=\"widget\" data-e-type=\"widget\" data-widget_type=\"spacer.default\">\n\t\t\t\t<div class=\"elementor-widget-container\">\n\t\t\t\t\t\t\t<div class=\"elementor-spacer\">\n\t\t\t<div class=\"elementor-spacer-inner\"><\/div>\n\t\t<\/div>\n\t\t\t\t\t\t<\/div>\n\t\t\t\t<\/div>\n\t\t\t\t\t<\/div>\n\t\t<\/div>\n\t\t\t\t\t<\/div>\n\t\t<\/section>\n\t\t\t\t<section class=\"elementor-section elementor-top-section elementor-element elementor-element-e555ef6 elementor-section-boxed elementor-section-height-default elementor-section-height-default\" data-id=\"e555ef6\" data-element_type=\"section\" data-e-type=\"section\" data-settings=\"{&quot;background_background&quot;:&quot;classic&quot;}\">\n\t\t\t\t\t\t<div class=\"elementor-container elementor-column-gap-default\">\n\t\t\t\t\t<div class=\"elementor-column elementor-col-100 elementor-top-column elementor-element elementor-element-139975d\" data-id=\"139975d\" data-element_type=\"column\" data-e-type=\"column\">\n\t\t\t<div class=\"elementor-widget-wrap elementor-element-populated\">\n\t\t\t\t\t\t<div class=\"elementor-element elementor-element-70a1543 elementor-widget elementor-widget-spacer\" data-id=\"70a1543\" data-element_type=\"widget\" data-e-type=\"widget\" data-widget_type=\"spacer.default\">\n\t\t\t\t<div class=\"elementor-widget-container\">\n\t\t\t\t\t\t\t<div class=\"elementor-spacer\">\n\t\t\t<div class=\"elementor-spacer-inner\"><\/div>\n\t\t<\/div>\n\t\t\t\t\t\t<\/div>\n\t\t\t\t<\/div>\n\t\t\t\t\t<\/div>\n\t\t<\/div>\n\t\t\t\t\t<\/div>\n\t\t<\/section>\n\t\t\t\t<section class=\"elementor-section elementor-top-section elementor-element elementor-element-2769eb46 elementor-section-full_width elementor-section-content-top elementor-section-height-default elementor-section-height-default\" data-id=\"2769eb46\" data-element_type=\"section\" data-e-type=\"section\" data-settings=\"{&quot;background_background&quot;:&quot;classic&quot;}\">\n\t\t\t\t\t\t<div class=\"elementor-container elementor-column-gap-no\">\n\t\t\t\t\t<div class=\"elementor-column elementor-col-50 elementor-top-column elementor-element elementor-element-1638e0bc elementor-invisible\" data-id=\"1638e0bc\" data-element_type=\"column\" data-e-type=\"column\" data-settings=\"{&quot;animation&quot;:&quot;fadeInLeft&quot;}\">\n\t\t\t<div class=\"elementor-widget-wrap elementor-element-populated\">\n\t\t\t\t\t\t<div class=\"elementor-element elementor-element-5eebefd8 header-no-margin elementor-widget elementor-widget-heading\" data-id=\"5eebefd8\" data-element_type=\"widget\" data-e-type=\"widget\" data-widget_type=\"heading.default\">\n\t\t\t\t<div class=\"elementor-widget-container\">\n\t\t\t\t\t<h2 class=\"elementor-heading-title elementor-size-default\">PROJEKTBEISPIEL<\/h2>\t\t\t\t<\/div>\n\t\t\t\t<\/div>\n\t\t\t\t<div class=\"elementor-element elementor-element-20699d6a elementor-widget elementor-widget-heading\" data-id=\"20699d6a\" data-element_type=\"widget\" data-e-type=\"widget\" data-widget_type=\"heading.default\">\n\t\t\t\t<div class=\"elementor-widget-container\">\n\t\t\t\t\t<h3 class=\"elementor-heading-title elementor-size-default\">Testsystem f\u00fcr H\u00f6rger\u00e4te<\/h3>\t\t\t\t<\/div>\n\t\t\t\t<\/div>\n\t\t\t\t<div class=\"elementor-element elementor-element-73cf09c0 elementor-widget elementor-widget-text-editor\" data-id=\"73cf09c0\" data-element_type=\"widget\" data-e-type=\"widget\" data-widget_type=\"text-editor.default\">\n\t\t\t\t<div class=\"elementor-widget-container\">\n\t\t\t\t\t\t\t\t\t<div class=\"elementor-element elementor-element-a75f1a1 elementor-widget elementor-widget-text-editor\" data-id=\"a75f1a1\" data-element_type=\"widget\" data-widget_type=\"text-editor.default\">\n<div class=\"elementor-widget-container\">\n<div class=\"elementor-text-editor elementor-clearfix\">\n<div class=\"elementor-element elementor-element-7ff581e elementor-widget elementor-widget-text-editor\" data-id=\"7ff581e\" data-element_type=\"widget\" data-widget_type=\"text-editor.default\">\n<div class=\"elementor-widget-container\">\n<div class=\"elementor-text-editor elementor-clearfix\">\n<p><strong><span class=\"xr_s16\"><span class=\"xr_tl\"><span class=\"xr_s17\">Aufgabenstellung<\/span><\/span><\/span><\/strong><\/p>\n<p><span class=\"xr_s16\"><span class=\"xr_tl\">Aufbau und Verdrahtung mehrerer H\u00f6rger\u00e4te-Testsysteme f\u00fcr die <\/span><span class=\"xr_tl\">Funktionspr\u00fcfung und Kalibrierung der H\u00f6rger\u00e4te w\u00e4hrend dem Herstellprozess.<\/span><\/span><\/p>\n<p><strong><span class=\"xr_s16\"><span class=\"xr_tl\"><span class=\"xr_s17\">Aufgaben\/Umfang<\/span><\/span><span class=\"xr_tl xr_s18\"><span class=\"xr_s19\">&nbsp;<\/span><\/span><\/span><\/strong><\/p>\n<p><span class=\"xr_s16\"><span class=\"xr_tl xr_s22\"><span class=\"xr_s21\">\u2022<\/span><\/span><span class=\"xr_tl xr_s22\">Teilweise Materialbeschaffung<\/span><\/span><\/p>\n<p><span class=\"xr_s16\"><span class=\"xr_tl xr_s22\"><span class=\"xr_s21\">\u2022<\/span><\/span><span class=\"xr_tl xr_s22\">Montage und Zusammenbau der Systeme<\/span><\/span><\/p>\n<p><span class=\"xr_s16\"><span class=\"xr_tl xr_s22\"><span class=\"xr_s21\">\u2022<\/span><\/span><span class=\"xr_tl xr_s22\">Leiterplatten best\u00fccken und l\u00f6ten<\/span><\/span><\/p>\n<p><span class=\"xr_s16\"><span class=\"xr_tl xr_s22\"><span class=\"xr_s21\">\u2022<\/span><\/span><span class=\"xr_tl xr_s22\">Diverse Kabel konfektionieren<\/span><\/span><\/p>\n<p><span class=\"xr_s16\"><span class=\"xr_tl xr_s22\"><span class=\"xr_s21\">\u2022<\/span><\/span><span class=\"xr_tl xr_s22\">Anschluss und Verdrahtung des kompletten Systems<\/span><\/span><\/p>\n<p><span class=\"xr_s16\"><span class=\"xr_tl\"><span class=\"xr_s21\">\u2022<\/span><\/span><span class=\"xr_tl\">Erste Funktionspr\u00fcfung des Systems<\/span><\/span><\/p>\n<\/div>\n<\/div>\n<\/div>\n<\/div>\n<\/div>\n<\/div>\t\t\t\t\t\t\t\t<\/div>\n\t\t\t\t<\/div>\n\t\t\t\t<div class=\"elementor-element elementor-element-94761fb elementor-widget elementor-widget-spacer\" data-id=\"94761fb\" data-element_type=\"widget\" data-e-type=\"widget\" data-widget_type=\"spacer.default\">\n\t\t\t\t<div class=\"elementor-widget-container\">\n\t\t\t\t\t\t\t<div class=\"elementor-spacer\">\n\t\t\t<div class=\"elementor-spacer-inner\"><\/div>\n\t\t<\/div>\n\t\t\t\t\t\t<\/div>\n\t\t\t\t<\/div>\n\t\t\t\t\t<\/div>\n\t\t<\/div>\n\t\t\t\t<div class=\"elementor-column elementor-col-50 elementor-top-column elementor-element elementor-element-7eb43ad3 elementor-invisible\" data-id=\"7eb43ad3\" data-element_type=\"column\" data-e-type=\"column\" data-settings=\"{&quot;animation&quot;:&quot;fadeInRight&quot;,&quot;background_background&quot;:&quot;slideshow&quot;,&quot;background_slideshow_gallery&quot;:[{&quot;id&quot;:1646,&quot;url&quot;:&quot;https:\\\/\\\/spirola.ch\\\/SPIROLA_2019\\\/wp-content\\\/uploads\\\/2020\\\/10\\\/hoergeraet_01.jpg&quot;},{&quot;id&quot;:1647,&quot;url&quot;:&quot;https:\\\/\\\/spirola.ch\\\/SPIROLA_2019\\\/wp-content\\\/uploads\\\/2020\\\/10\\\/hoergeraet_02.jpg&quot;},{&quot;id&quot;:1648,&quot;url&quot;:&quot;https:\\\/\\\/spirola.ch\\\/SPIROLA_2019\\\/wp-content\\\/uploads\\\/2020\\\/10\\\/hoergeraet_03.jpg&quot;}],&quot;background_slideshow_transition_duration&quot;:2500,&quot;background_slideshow_loop&quot;:&quot;yes&quot;,&quot;background_slideshow_slide_duration&quot;:5000,&quot;background_slideshow_slide_transition&quot;:&quot;fade&quot;}\">\n\t\t\t<div class=\"elementor-widget-wrap elementor-element-populated\">\n\t\t\t\t\t\t<div class=\"elementor-element elementor-element-383e1d7e elementor-widget elementor-widget-spacer\" data-id=\"383e1d7e\" data-element_type=\"widget\" data-e-type=\"widget\" data-widget_type=\"spacer.default\">\n\t\t\t\t<div class=\"elementor-widget-container\">\n\t\t\t\t\t\t\t<div class=\"elementor-spacer\">\n\t\t\t<div class=\"elementor-spacer-inner\"><\/div>\n\t\t<\/div>\n\t\t\t\t\t\t<\/div>\n\t\t\t\t<\/div>\n\t\t\t\t\t<\/div>\n\t\t<\/div>\n\t\t\t\t\t<\/div>\n\t\t<\/section>\n\t\t\t\t<\/div>\n\t\t","protected":false},"excerpt":{"rendered":"<p>Fertigung und Montage Verdrahtungen von Schaltschr\u00e4nken Verdrahtungsarbeiten Leiterplatten best\u00fccken und l\u00f6ten L\u00f6ten von Kleinserien an der Wellenl\u00f6tmaschine Ger\u00e4temontagen PROJEKTBEISPIEL Testsystem f\u00fcr H\u00f6rger\u00e4te Aufgabenstellung Aufbau und Verdrahtung mehrerer H\u00f6rger\u00e4te-Testsysteme f\u00fcr die Funktionspr\u00fcfung und Kalibrierung der H\u00f6rger\u00e4te w\u00e4hrend dem Herstellprozess. Aufgaben\/Umfang&nbsp; \u2022Teilweise Materialbeschaffung \u2022Montage und Zusammenbau der Systeme \u2022Leiterplatten best\u00fccken und l\u00f6ten \u2022Diverse Kabel konfektionieren \u2022Anschluss und [&hellip;]<\/p>\n","protected":false},"author":1,"featured_media":0,"parent":95,"menu_order":4,"comment_status":"closed","ping_status":"closed","template":"","meta":{"footnotes":""},"class_list":["post-289","page","type-page","status-publish","hentry"],"blocksy_meta":[],"aioseo_notices":[],"_links":{"self":[{"href":"https:\/\/spirola.ch\/SPIROLA_2019\/wp-json\/wp\/v2\/pages\/289","targetHints":{"allow":["GET"]}}],"collection":[{"href":"https:\/\/spirola.ch\/SPIROLA_2019\/wp-json\/wp\/v2\/pages"}],"about":[{"href":"https:\/\/spirola.ch\/SPIROLA_2019\/wp-json\/wp\/v2\/types\/page"}],"author":[{"embeddable":true,"href":"https:\/\/spirola.ch\/SPIROLA_2019\/wp-json\/wp\/v2\/users\/1"}],"replies":[{"embeddable":true,"href":"https:\/\/spirola.ch\/SPIROLA_2019\/wp-json\/wp\/v2\/comments?post=289"}],"version-history":[{"count":0,"href":"https:\/\/spirola.ch\/SPIROLA_2019\/wp-json\/wp\/v2\/pages\/289\/revisions"}],"up":[{"embeddable":true,"href":"https:\/\/spirola.ch\/SPIROLA_2019\/wp-json\/wp\/v2\/pages\/95"}],"wp:attachment":[{"href":"https:\/\/spirola.ch\/SPIROLA_2019\/wp-json\/wp\/v2\/media?parent=289"}],"curies":[{"name":"wp","href":"https:\/\/api.w.org\/{rel}","templated":true}]}}